{"id":962,"date":"2019-01-04T16:24:31","date_gmt":"2019-01-04T15:24:31","guid":{"rendered":"http:\/\/chezdom.net\/etu\/?page_id=962"},"modified":"2020-01-13T23:42:56","modified_gmt":"2020-01-13T22:42:56","slug":"sujet-15-accelerometre","status":"publish","type":"page","link":"https:\/\/chezdom.net\/etu\/android-sujets\/sujet-15-accelerometre\/","title":{"rendered":"Sujet #15 &#8211; Acc\u00e9l\u00e9rom\u00e8tre"},"content":{"rendered":"<p>Un accel\u00e9rom\u00e8tre est un capteur capable de relever les mouvements du t\u00e9l\u00e9phone.<\/p>\n<p>Docs :<\/p>\n<ul>\n<li>https:\/\/developer.android.com\/guide\/topics\/sensors\/sensors_motion<\/li>\n<li>http:\/\/www.vogella.com\/tutorials\/AndroidSensor\/article.html<\/li>\n<\/ul>\n<h2>Application de d\u00e9mo<\/h2>\n<p>Il s&rsquo;agit d&rsquo;afficher une bille sur l&rsquo;\u00e9cran qui se d\u00e9place en fonction de l&rsquo;inclinaison du t\u00e9l\u00e9phone. Lorsque le t\u00e9l\u00e9phone est pench\u00e9, elle se d\u00e9place, et lorsque le t\u00e9l\u00e9phone est immobile, elle ne bouge plus.<\/p>\n<p>Attention il n&rsquo;est pas n\u00e9cessaire de reproduire la gravit\u00e9, avec les frottements et les rebonds. Un mouvement simple suivant les mouvements du t\u00e9l\u00e9phone est suffisant.<\/p>\n<h2>Pr\u00e9sentation<\/h2>\n<p>Expliquer le principe de l&rsquo;accel\u00e9rom\u00e8tre et la fa\u00e7on de l&rsquo;utiliser.<\/p>\n<p><a href=\"http:\/\/chezdom.net\/etu\/android-sujets-2019-2020\/\">Retour aux sujets<\/a><\/p>\n","protected":false},"excerpt":{"rendered":"<p>Un accel\u00e9rom\u00e8tre est un capteur capable de relever les mouvements du t\u00e9l\u00e9phone. Docs : https:\/\/developer.android.com\/guide\/topics\/sensors\/sensors_motion http:\/\/www.vogella.com\/tutorials\/AndroidSensor\/article.html Application de d\u00e9mo Il s&rsquo;agit d&rsquo;afficher une bille sur l&rsquo;\u00e9cran qui se d\u00e9place en fonction de l&rsquo;inclinaison du t\u00e9l\u00e9phone. Lorsque le t\u00e9l\u00e9phone est pench\u00e9,<span class=\"ellipsis\">&hellip;<\/span> <span class=\"read-more\"><a href=\"https:\/\/chezdom.net\/etu\/android-sujets\/sujet-15-accelerometre\/\">Lire la suite &#8250;<\/a><\/span><\/p>\n","protected":false},"author":1,"featured_media":0,"parent":903,"menu_order":0,"comment_status":"closed","ping_status":"closed","template":"","meta":{"jetpack_post_was_ever_published":false,"footnotes":""},"class_list":["post-962","page","type-page","status-publish","hentry"],"jetpack_sharing_enabled":true,"jetpack_shortlink":"https:\/\/wp.me\/P9qu1A-fw","_links":{"self":[{"href":"https:\/\/chezdom.net\/etu\/wp-json\/wp\/v2\/pages\/962","targetHints":{"allow":["GET"]}}],"collection":[{"href":"https:\/\/chezdom.net\/etu\/wp-json\/wp\/v2\/pages"}],"about":[{"href":"https:\/\/chezdom.net\/etu\/wp-json\/wp\/v2\/types\/page"}],"author":[{"embeddable":true,"href":"https:\/\/chezdom.net\/etu\/wp-json\/wp\/v2\/users\/1"}],"replies":[{"embeddable":true,"href":"https:\/\/chezdom.net\/etu\/wp-json\/wp\/v2\/comments?post=962"}],"version-history":[{"count":6,"href":"https:\/\/chezdom.net\/etu\/wp-json\/wp\/v2\/pages\/962\/revisions"}],"predecessor-version":[{"id":1135,"href":"https:\/\/chezdom.net\/etu\/wp-json\/wp\/v2\/pages\/962\/revisions\/1135"}],"up":[{"embeddable":true,"href":"https:\/\/chezdom.net\/etu\/wp-json\/wp\/v2\/pages\/903"}],"wp:attachment":[{"href":"https:\/\/chezdom.net\/etu\/wp-json\/wp\/v2\/media?parent=962"}],"curies":[{"name":"wp","href":"https:\/\/api.w.org\/{rel}","templated":true}]}}