{"id":960,"date":"2019-01-04T16:24:29","date_gmt":"2019-01-04T15:24:29","guid":{"rendered":"http:\/\/chezdom.net\/etu\/?page_id=960"},"modified":"2019-01-11T21:50:43","modified_gmt":"2019-01-11T20:50:43","slug":"sujet-16-batterie","status":"publish","type":"page","link":"https:\/\/chezdom.net\/etu\/android-sujets\/sujet-16-batterie\/","title":{"rendered":"Sujet #16 &#8211; \u00c9tat de la batterie"},"content":{"rendered":"<p>Certains applications v\u00e9rifient l&rsquo;\u00e9tat de la batterie pour faire certaines t\u00e2ches qui pourraient \u00eatre co\u00fbteuses en \u00e9nergie ou dangereuses en cas de panne de batterie (mise \u00e0 jour, transfert de gros fichiers). Pour cela il faut savoir r\u00e9cup\u00e9rer le niveau de la batterie, et savoir si l&rsquo;appareil est en charge ou pas, quel est le niveau de charge, \u00e9ventuellement le temps restant avant charge compl\u00e8te.<\/p>\n<p>Docs :<\/p>\n<ul>\n<li>https:\/\/developer.android.com\/training\/monitoring-device-state\/battery-monitoring<\/li>\n<\/ul>\n<h2>Application de d\u00e9mo<\/h2>\n<p>D\u00e9veloppez une application capable d&rsquo;afficher les infos sur l&rsquo;\u00e9cran : niveau de la batterie, en charge ou non, temps restant avant charge ou avant panne.<\/p>\n<h2>Pr\u00e9sentation<\/h2>\n<p>Pr\u00e9senter le principe de fonctionnement du moniteur de batterie et indiquez comme acc\u00e9der \u00e0 ces informations.<\/p>\n<p><a href=\"http:\/\/chezdom.net\/etu\/android-sujets\/\">Retour aux sujets<\/a><\/p>\n","protected":false},"excerpt":{"rendered":"<p>Certains applications v\u00e9rifient l&rsquo;\u00e9tat de la batterie pour faire certaines t\u00e2ches qui pourraient \u00eatre co\u00fbteuses en \u00e9nergie ou dangereuses en cas de panne de batterie (mise \u00e0 jour, transfert de gros fichiers). Pour cela il faut savoir r\u00e9cup\u00e9rer le niveau<span class=\"ellipsis\">&hellip;<\/span> <span class=\"read-more\"><a href=\"https:\/\/chezdom.net\/etu\/android-sujets\/sujet-16-batterie\/\">Lire la suite &#8250;<\/a><\/span><\/p>\n","protected":false},"author":1,"featured_media":0,"parent":903,"menu_order":0,"comment_status":"closed","ping_status":"closed","template":"","meta":{"jetpack_post_was_ever_published":false,"footnotes":""},"class_list":["post-960","page","type-page","status-publish","hentry"],"jetpack_sharing_enabled":true,"jetpack_shortlink":"https:\/\/wp.me\/P9qu1A-fu","_links":{"self":[{"href":"https:\/\/chezdom.net\/etu\/wp-json\/wp\/v2\/pages\/960","targetHints":{"allow":["GET"]}}],"collection":[{"href":"https:\/\/chezdom.net\/etu\/wp-json\/wp\/v2\/pages"}],"about":[{"href":"https:\/\/chezdom.net\/etu\/wp-json\/wp\/v2\/types\/page"}],"author":[{"embeddable":true,"href":"https:\/\/chezdom.net\/etu\/wp-json\/wp\/v2\/users\/1"}],"replies":[{"embeddable":true,"href":"https:\/\/chezdom.net\/etu\/wp-json\/wp\/v2\/comments?post=960"}],"version-history":[{"count":5,"href":"https:\/\/chezdom.net\/etu\/wp-json\/wp\/v2\/pages\/960\/revisions"}],"predecessor-version":[{"id":1005,"href":"https:\/\/chezdom.net\/etu\/wp-json\/wp\/v2\/pages\/960\/revisions\/1005"}],"up":[{"embeddable":true,"href":"https:\/\/chezdom.net\/etu\/wp-json\/wp\/v2\/pages\/903"}],"wp:attachment":[{"href":"https:\/\/chezdom.net\/etu\/wp-json\/wp\/v2\/media?parent=960"}],"curies":[{"name":"wp","href":"https:\/\/api.w.org\/{rel}","templated":true}]}}