{"id":954,"date":"2019-01-04T16:19:52","date_gmt":"2019-01-04T15:19:52","guid":{"rendered":"http:\/\/chezdom.net\/etu\/?page_id=954"},"modified":"2020-01-13T23:48:33","modified_gmt":"2020-01-13T22:48:33","slug":"sujet-13-enregistrer-un-son","status":"publish","type":"page","link":"https:\/\/chezdom.net\/etu\/android-sujets\/sujet-13-enregistrer-un-son\/","title":{"rendered":"Sujet #13 &#8211; Enregistrer un son"},"content":{"rendered":"<p>Un appareil Android peut servir aussi d&rsquo;enregistreur de sons.<\/p>\n<p>Docs :<\/p>\n<ul>\n<li><a href=\"https:\/\/developer.android.com\/reference\/android\/media\/MediaRecorder\">https:\/\/developer.android.com\/reference\/android\/media\/MediaRecorder<\/a><\/li>\n<\/ul>\n<h2>Application de d\u00e9mo<\/h2>\n<p>D\u00e9veloppez une appli de test, avec 2 boutons : un pour Enregistrer et un bouton Stop. L&rsquo;enregistrement sera localis\u00e9 dans le dossier sp\u00e9cifique de l&rsquo;application (voir le cours sur l&rsquo;enregistrement de donn\u00e9es).<\/p>\n<h2>Pr\u00e9sentation<\/h2>\n<p>Expliquez le fonctionnement de MediaRecorder<\/p>\n<p><a href=\"http:\/\/chezdom.net\/etu\/android-sujets-2019-2020\/\">Retour aux sujets<\/a><\/p>\n","protected":false},"excerpt":{"rendered":"<p>Un appareil Android peut servir aussi d&rsquo;enregistreur de sons. Docs : https:\/\/developer.android.com\/reference\/android\/media\/MediaRecorder Application de d\u00e9mo D\u00e9veloppez une appli de test, avec 2 boutons : un pour Enregistrer et un bouton Stop. L&rsquo;enregistrement sera localis\u00e9 dans le dossier sp\u00e9cifique de l&rsquo;application<span class=\"ellipsis\">&hellip;<\/span> <span class=\"read-more\"><a href=\"https:\/\/chezdom.net\/etu\/android-sujets\/sujet-13-enregistrer-un-son\/\">Lire la suite &#8250;<\/a><\/span><\/p>\n","protected":false},"author":1,"featured_media":0,"parent":903,"menu_order":0,"comment_status":"closed","ping_status":"closed","template":"","meta":{"jetpack_post_was_ever_published":false,"footnotes":""},"class_list":["post-954","page","type-page","status-publish","hentry"],"jetpack_sharing_enabled":true,"jetpack_shortlink":"https:\/\/wp.me\/P9qu1A-fo","_links":{"self":[{"href":"https:\/\/chezdom.net\/etu\/wp-json\/wp\/v2\/pages\/954","targetHints":{"allow":["GET"]}}],"collection":[{"href":"https:\/\/chezdom.net\/etu\/wp-json\/wp\/v2\/pages"}],"about":[{"href":"https:\/\/chezdom.net\/etu\/wp-json\/wp\/v2\/types\/page"}],"author":[{"embeddable":true,"href":"https:\/\/chezdom.net\/etu\/wp-json\/wp\/v2\/users\/1"}],"replies":[{"embeddable":true,"href":"https:\/\/chezdom.net\/etu\/wp-json\/wp\/v2\/comments?post=954"}],"version-history":[{"count":5,"href":"https:\/\/chezdom.net\/etu\/wp-json\/wp\/v2\/pages\/954\/revisions"}],"predecessor-version":[{"id":1138,"href":"https:\/\/chezdom.net\/etu\/wp-json\/wp\/v2\/pages\/954\/revisions\/1138"}],"up":[{"embeddable":true,"href":"https:\/\/chezdom.net\/etu\/wp-json\/wp\/v2\/pages\/903"}],"wp:attachment":[{"href":"https:\/\/chezdom.net\/etu\/wp-json\/wp\/v2\/media?parent=954"}],"curies":[{"name":"wp","href":"https:\/\/api.w.org\/{rel}","templated":true}]}}