{"id":952,"date":"2019-01-04T16:21:28","date_gmt":"2019-01-04T15:21:28","guid":{"rendered":"http:\/\/chezdom.net\/etu\/?page_id=952"},"modified":"2019-01-04T16:27:43","modified_gmt":"2019-01-04T15:27:43","slug":"sujet-11-statut-du-reseau","status":"publish","type":"page","link":"https:\/\/chezdom.net\/etu\/android-sujets\/sujet-11-statut-du-reseau\/","title":{"rendered":"Sujet #11 &#8211; Statut du r\u00e9seau"},"content":{"rendered":"<p>Android permet \u00e9videmment de savoir si le r\u00e9seau est disponible. Pour les applications gourmandes en \u00e9changes de donn\u00e9es, il peut \u00eatre utile de savoir si le r\u00e9seau est de type wifi ou donn\u00e9es mobiles car ces derni\u00e8res peuvent revenir cher, selon le type d&rsquo;abonnement de l&rsquo;utilisateur.<\/p>\n<p>Docs :<\/p>\n<ul>\n<li><a href=\"https:\/\/developer.android.com\/training\/basics\/network-ops\/managing\">https:\/\/developer.android.com\/training\/basics\/network-ops\/managing<\/a><\/li>\n<\/ul>\n<h2>Application de d\u00e9mo<\/h2>\n<p>D\u00e9velopper une application de test capable de v\u00e9rifier si les donn\u00e9es sont disponibles et quel type de r\u00e9seau est utilis\u00e9. L&rsquo;application proposera un r\u00e9glage \u00ab\u00a0synchro sur wifi uniquement\u00a0\u00bb ou \u00ab\u00a0synchro sur tous types de r\u00e9seau\u00a0\u00bb.<\/p>\n<h2>Pr\u00e9sentation<\/h2>\n<p>Expliquer le principe de gestion des usages des donn\u00e9es. Montrer comment v\u00e9rifier si le r\u00e9seau est actif et quel type de r\u00e9seau est utilis\u00e9 \u00e0 un moment donn\u00e9.<\/p>\n<p><a href=\"http:\/\/chezdom.net\/etu\/android-sujets\/\">Retour aux sujets<\/a><\/p>\n","protected":false},"excerpt":{"rendered":"<p>Android permet \u00e9videmment de savoir si le r\u00e9seau est disponible. Pour les applications gourmandes en \u00e9changes de donn\u00e9es, il peut \u00eatre utile de savoir si le r\u00e9seau est de type wifi ou donn\u00e9es mobiles car ces derni\u00e8res peuvent revenir cher,<span class=\"ellipsis\">&hellip;<\/span> <span class=\"read-more\"><a href=\"https:\/\/chezdom.net\/etu\/android-sujets\/sujet-11-statut-du-reseau\/\">Lire la suite &#8250;<\/a><\/span><\/p>\n","protected":false},"author":1,"featured_media":0,"parent":903,"menu_order":0,"comment_status":"closed","ping_status":"closed","template":"","meta":{"jetpack_post_was_ever_published":false,"footnotes":""},"class_list":["post-952","page","type-page","status-publish","hentry"],"jetpack_sharing_enabled":true,"jetpack_shortlink":"https:\/\/wp.me\/P9qu1A-fm","_links":{"self":[{"href":"https:\/\/chezdom.net\/etu\/wp-json\/wp\/v2\/pages\/952","targetHints":{"allow":["GET"]}}],"collection":[{"href":"https:\/\/chezdom.net\/etu\/wp-json\/wp\/v2\/pages"}],"about":[{"href":"https:\/\/chezdom.net\/etu\/wp-json\/wp\/v2\/types\/page"}],"author":[{"embeddable":true,"href":"https:\/\/chezdom.net\/etu\/wp-json\/wp\/v2\/users\/1"}],"replies":[{"embeddable":true,"href":"https:\/\/chezdom.net\/etu\/wp-json\/wp\/v2\/comments?post=952"}],"version-history":[{"count":4,"href":"https:\/\/chezdom.net\/etu\/wp-json\/wp\/v2\/pages\/952\/revisions"}],"predecessor-version":[{"id":978,"href":"https:\/\/chezdom.net\/etu\/wp-json\/wp\/v2\/pages\/952\/revisions\/978"}],"up":[{"embeddable":true,"href":"https:\/\/chezdom.net\/etu\/wp-json\/wp\/v2\/pages\/903"}],"wp:attachment":[{"href":"https:\/\/chezdom.net\/etu\/wp-json\/wp\/v2\/media?parent=952"}],"curies":[{"name":"wp","href":"https:\/\/api.w.org\/{rel}","templated":true}]}}