{"id":913,"date":"2018-12-29T18:31:35","date_gmt":"2018-12-29T17:31:35","guid":{"rendered":"http:\/\/chezdom.net\/etu\/?page_id=913"},"modified":"2018-12-29T18:31:35","modified_gmt":"2018-12-29T17:31:35","slug":"sujet-3-localisation-gps-et-autres","status":"publish","type":"page","link":"https:\/\/chezdom.net\/etu\/android-sujets\/sujet-3-localisation-gps-et-autres\/","title":{"rendered":"Sujet #3 &#8211; Localisation \/ GPS et autres"},"content":{"rendered":"<p>Android dispose de diff\u00e9rentes de localisation (dont en particulier le<br \/>\nGPS, mais aussi la localisation via les \u00e9metteurs du r\u00e9seau<br \/>\nt\u00e9l\u00e9phonique). On peut ensuite les utiliser dans une application<br \/>\ncartographique (par exemple Google Maps) pour afficher une carte sur<br \/>\nl&rsquo;\u00e9cran, mais cela ne fait pas partie du sujet.<\/p>\n<p>Selon la source de localisation, mais aussi selon les conditions, le<br \/>\nr\u00e9sultat est plus ou moins pr\u00e9cis. Il est important de donner, en plus<br \/>\nde ma position, une estimation de la pr\u00e9cision (<code>accuracy<\/code>en anglais).<\/p>\n<h2>Application de d\u00e9mo<\/h2>\n<p>Cr\u00e9er une application de test pour afficher la localisation (longitude<br \/>\net latitude), avec la pr\u00e9cision et l&rsquo;heure du relev\u00e9. Un bouton<br \/>\npermettant de prendre un nouveau relev\u00e9 pourra \u00eatre pr\u00e9sent dans<br \/>\nl&rsquo;interface.<\/p>\n<h2>Pr\u00e9sentation<\/h2>\n<p>Expliquer le principe de la localisation sur Android, et comment aller<br \/>\nacc\u00e9der aux informations de localisation (coordonn\u00e9es et pr\u00e9cision).<\/p>\n<p><a href=\"http:\/\/chezdom.net\/etu\/android-sujets\/\">Retour aux sujets<\/a><\/p>\n","protected":false},"excerpt":{"rendered":"<p>Android dispose de diff\u00e9rentes de localisation (dont en particulier le GPS, mais aussi la localisation via les \u00e9metteurs du r\u00e9seau t\u00e9l\u00e9phonique). On peut ensuite les utiliser dans une application cartographique (par exemple Google Maps) pour afficher une carte sur l&rsquo;\u00e9cran,<span class=\"ellipsis\">&hellip;<\/span> <span class=\"read-more\"><a href=\"https:\/\/chezdom.net\/etu\/android-sujets\/sujet-3-localisation-gps-et-autres\/\">Lire la suite &#8250;<\/a><\/span><\/p>\n","protected":false},"author":1,"featured_media":0,"parent":903,"menu_order":0,"comment_status":"closed","ping_status":"closed","template":"","meta":{"jetpack_post_was_ever_published":false,"footnotes":""},"class_list":["post-913","page","type-page","status-publish","hentry"],"jetpack_sharing_enabled":true,"jetpack_shortlink":"https:\/\/wp.me\/P9qu1A-eJ","_links":{"self":[{"href":"https:\/\/chezdom.net\/etu\/wp-json\/wp\/v2\/pages\/913","targetHints":{"allow":["GET"]}}],"collection":[{"href":"https:\/\/chezdom.net\/etu\/wp-json\/wp\/v2\/pages"}],"about":[{"href":"https:\/\/chezdom.net\/etu\/wp-json\/wp\/v2\/types\/page"}],"author":[{"embeddable":true,"href":"https:\/\/chezdom.net\/etu\/wp-json\/wp\/v2\/users\/1"}],"replies":[{"embeddable":true,"href":"https:\/\/chezdom.net\/etu\/wp-json\/wp\/v2\/comments?post=913"}],"version-history":[{"count":1,"href":"https:\/\/chezdom.net\/etu\/wp-json\/wp\/v2\/pages\/913\/revisions"}],"predecessor-version":[{"id":916,"href":"https:\/\/chezdom.net\/etu\/wp-json\/wp\/v2\/pages\/913\/revisions\/916"}],"up":[{"embeddable":true,"href":"https:\/\/chezdom.net\/etu\/wp-json\/wp\/v2\/pages\/903"}],"wp:attachment":[{"href":"https:\/\/chezdom.net\/etu\/wp-json\/wp\/v2\/media?parent=913"}],"curies":[{"name":"wp","href":"https:\/\/api.w.org\/{rel}","templated":true}]}}