{"id":912,"date":"2018-12-29T18:31:38","date_gmt":"2018-12-29T17:31:38","guid":{"rendered":"http:\/\/chezdom.net\/etu\/?page_id=912"},"modified":"2018-12-29T18:31:38","modified_gmt":"2018-12-29T17:31:38","slug":"sujet-2-intents-implicites","status":"publish","type":"page","link":"https:\/\/chezdom.net\/etu\/android-sujets\/sujet-2-intents-implicites\/","title":{"rendered":"Sujet #2 &#8211; Intents implicites"},"content":{"rendered":"<p>Il s&rsquo;agit de lancer une activit\u00e9 sans pr\u00e9ciser laquelle, ni aucune<br \/>\napplication explicitement, mais \u00e0 partir d&rsquo;une action \u00e0 effectuer :<br \/>\nafficher une localisation sur une carte, ou bien ouvrir une URL dans<br \/>\nun navigateur. Le syst\u00e8me choisira en fonction de ses propres r\u00e9glages<br \/>\nquelle application lancer. Si plusieurs applications sont capables<br \/>\nd&rsquo;ex\u00e9cuter cette action, il proposera \u00e0 l&rsquo;utilisateur de choisir (\u00e0<br \/>\nnoter, c&rsquo;est le syst\u00e8me qui se charge de cr\u00e9er la bo\u00eete de dialogue<br \/>\ndans lequel se fait ce choix.<\/p>\n<h2>Application de d\u00e9mo<\/h2>\n<p>Cr\u00e9er une application de test capable de saisir une adresse Web et\/ou<br \/>\nune localisation (ou d&rsquo;autres cas) et de lancer une autre application<br \/>\npour l&rsquo;afficher.<\/p>\n<h2>Pr\u00e9sentation<\/h2>\n<p>Expliquer le principe des <em>Intents Implicites<\/em>. Comment sont d\u00e9finies<br \/>\nles cat\u00e9gories et o\u00f9 les syst\u00e8mes les trouve-t-il ?<\/p>\n<p><a href=\"http:\/\/chezdom.net\/etu\/android-sujets\/\">Retour aux sujets<\/a><\/p>\n","protected":false},"excerpt":{"rendered":"<p>Il s&rsquo;agit de lancer une activit\u00e9 sans pr\u00e9ciser laquelle, ni aucune application explicitement, mais \u00e0 partir d&rsquo;une action \u00e0 effectuer : afficher une localisation sur une carte, ou bien ouvrir une URL dans un navigateur. Le syst\u00e8me choisira en fonction<span class=\"ellipsis\">&hellip;<\/span> <span class=\"read-more\"><a href=\"https:\/\/chezdom.net\/etu\/android-sujets\/sujet-2-intents-implicites\/\">Lire la suite &#8250;<\/a><\/span><\/p>\n","protected":false},"author":1,"featured_media":0,"parent":903,"menu_order":0,"comment_status":"closed","ping_status":"closed","template":"","meta":{"jetpack_post_was_ever_published":false,"footnotes":""},"class_list":["post-912","page","type-page","status-publish","hentry"],"jetpack_sharing_enabled":true,"jetpack_shortlink":"https:\/\/wp.me\/P9qu1A-eI","_links":{"self":[{"href":"https:\/\/chezdom.net\/etu\/wp-json\/wp\/v2\/pages\/912","targetHints":{"allow":["GET"]}}],"collection":[{"href":"https:\/\/chezdom.net\/etu\/wp-json\/wp\/v2\/pages"}],"about":[{"href":"https:\/\/chezdom.net\/etu\/wp-json\/wp\/v2\/types\/page"}],"author":[{"embeddable":true,"href":"https:\/\/chezdom.net\/etu\/wp-json\/wp\/v2\/users\/1"}],"replies":[{"embeddable":true,"href":"https:\/\/chezdom.net\/etu\/wp-json\/wp\/v2\/comments?post=912"}],"version-history":[{"count":1,"href":"https:\/\/chezdom.net\/etu\/wp-json\/wp\/v2\/pages\/912\/revisions"}],"predecessor-version":[{"id":917,"href":"https:\/\/chezdom.net\/etu\/wp-json\/wp\/v2\/pages\/912\/revisions\/917"}],"up":[{"embeddable":true,"href":"https:\/\/chezdom.net\/etu\/wp-json\/wp\/v2\/pages\/903"}],"wp:attachment":[{"href":"https:\/\/chezdom.net\/etu\/wp-json\/wp\/v2\/media?parent=912"}],"curies":[{"name":"wp","href":"https:\/\/api.w.org\/{rel}","templated":true}]}}