{"id":906,"date":"2018-12-29T18:23:13","date_gmt":"2018-12-29T17:23:13","guid":{"rendered":"http:\/\/chezdom.net\/etu\/?page_id=906"},"modified":"2018-12-29T18:31:40","modified_gmt":"2018-12-29T17:31:40","slug":"sujet-1-notifications","status":"publish","type":"page","link":"https:\/\/chezdom.net\/etu\/android-sujets\/sujet-1-notifications\/","title":{"rendered":"Sujet #1 &#8211; Notifications"},"content":{"rendered":"<p>Android permet \u00e0 une application d&rsquo;afficher des notifications, qui<br \/>\nvont appara\u00eetre sur l&rsquo;\u00e9cran \u00e0 un moment donn\u00e9 (et sur l&rsquo;\u00e9cran de<br \/>\nveille en fonction des permissions accord\u00e9es par l&rsquo;utilisateur). Ces<br \/>\nnotifications peuvent signaler un \u00e9v\u00e9nement (par exemple la fin d&rsquo;un<br \/>\nmorceau jou\u00e9 par le lecteur multim\u00e9dia), ou un rappel (de type<br \/>\nalarme), ou encore signaler un \u00e9v\u00e9nement ext\u00e9rieur (re\u00e7u par le<br \/>\nt\u00e9l\u00e9phone, comme un message par exemple).<\/p>\n<h2>Application de d\u00e9mo<\/h2>\n<p>Cr\u00e9er une application de test permettant d&rsquo;afficher une notification<br \/>\n(d\u00e9clench\u00e9e par un simple bouton). On pourra ajouter un champs de<br \/>\nsaisie et envoyer dans la notification le contenu du champs de<br \/>\nsaisie.<\/p>\n<h2>Pr\u00e9sentation<\/h2>\n<p>Pr\u00e9senter les diff\u00e9rents types de notifications et indiquez comment<br \/>\nenvoyer une notification.<\/p>\n<p><a href=\"http:\/\/chezdom.net\/etu\/android-sujets\/\">Retour aux sujets<\/a><\/p>\n","protected":false},"excerpt":{"rendered":"<p>Android permet \u00e0 une application d&rsquo;afficher des notifications, qui vont appara\u00eetre sur l&rsquo;\u00e9cran \u00e0 un moment donn\u00e9 (et sur l&rsquo;\u00e9cran de veille en fonction des permissions accord\u00e9es par l&rsquo;utilisateur). Ces notifications peuvent signaler un \u00e9v\u00e9nement (par exemple la fin d&rsquo;un<span class=\"ellipsis\">&hellip;<\/span> <span class=\"read-more\"><a href=\"https:\/\/chezdom.net\/etu\/android-sujets\/sujet-1-notifications\/\">Lire la suite &#8250;<\/a><\/span><\/p>\n","protected":false},"author":1,"featured_media":0,"parent":903,"menu_order":0,"comment_status":"closed","ping_status":"closed","template":"","meta":{"jetpack_post_was_ever_published":false,"footnotes":""},"class_list":["post-906","page","type-page","status-publish","hentry"],"jetpack_sharing_enabled":true,"jetpack_shortlink":"https:\/\/wp.me\/P9qu1A-eC","_links":{"self":[{"href":"https:\/\/chezdom.net\/etu\/wp-json\/wp\/v2\/pages\/906","targetHints":{"allow":["GET"]}}],"collection":[{"href":"https:\/\/chezdom.net\/etu\/wp-json\/wp\/v2\/pages"}],"about":[{"href":"https:\/\/chezdom.net\/etu\/wp-json\/wp\/v2\/types\/page"}],"author":[{"embeddable":true,"href":"https:\/\/chezdom.net\/etu\/wp-json\/wp\/v2\/users\/1"}],"replies":[{"embeddable":true,"href":"https:\/\/chezdom.net\/etu\/wp-json\/wp\/v2\/comments?post=906"}],"version-history":[{"count":3,"href":"https:\/\/chezdom.net\/etu\/wp-json\/wp\/v2\/pages\/906\/revisions"}],"predecessor-version":[{"id":911,"href":"https:\/\/chezdom.net\/etu\/wp-json\/wp\/v2\/pages\/906\/revisions\/911"}],"up":[{"embeddable":true,"href":"https:\/\/chezdom.net\/etu\/wp-json\/wp\/v2\/pages\/903"}],"wp:attachment":[{"href":"https:\/\/chezdom.net\/etu\/wp-json\/wp\/v2\/media?parent=906"}],"curies":[{"name":"wp","href":"https:\/\/api.w.org\/{rel}","templated":true}]}}