{"id":903,"date":"2018-12-29T18:22:09","date_gmt":"2018-12-29T17:22:09","guid":{"rendered":"http:\/\/chezdom.net\/etu\/?page_id=903"},"modified":"2020-01-06T18:27:48","modified_gmt":"2020-01-06T17:27:48","slug":"android-sujets","status":"publish","type":"page","link":"https:\/\/chezdom.net\/etu\/android-sujets\/","title":{"rendered":"Android : Sujets de mini-projets individuels"},"content":{"rendered":"<h2>Remarques liminaires<\/h2>\n<ul>\n<li>Il s&rsquo;agit de sujets individuels.<\/p>\n<\/li>\n<li>\n<p>La source de documentation la plus fiables est bien s\u00fbr<br \/>\n<a href=\"https:\/\/developer.android.com\">https:\/\/developer.android.com<\/a>. Vous pouvez aussi vous inspirer de<br \/>\ntutos et de forums sur le Web. (par exemple<br \/>\n<a href=\"https:\/\/stackoverflow.com\">https:\/\/stackoverflow.com<\/a>, <a href=\"http:\/\/www.vogella.com\">http:\/\/www.vogella.com<\/a> etc.) Attention<br \/>\ntoutefois \u00e0 la fra\u00eecheur des documentations que vous consultez :<br \/>\nv\u00e9rifiez la date. Si vous trouvez un tuto correspondant \u00e0 votre t\u00e2che<br \/>\nmais que sa date est 2006 ou m\u00eame 2012, les API auront probablement<br \/>\npas mal \u00e9volu\u00e9 depuis.<\/p>\n<\/li>\n<li>\n<p>Lorsque votre application demande des permissions, il faut les<br \/>\nattribuer \u00e0 la main (dans les pr\u00e9f\u00e9rences, menu Applications, selon<br \/>\nvotre version d\u2019Android).<\/p>\n<\/li>\n<\/ul>\n<h2>D\u00e9tail des sujets<\/h2>\n<ul>\n<li><a href=\"http:\/\/chezdom.net\/etu\/android-sujets\/sujet-1-notifications\/\">Sujet #1 &#8211; Notifications<\/a><\/li>\n<li><a href=\"http:\/\/chezdom.net\/etu\/android-sujets\/sujet-2-intents-implicites\/\">Sujet #2 &#8211; Intents implicites<\/a><\/li>\n<li><a href=\"http:\/\/chezdom.net\/etu\/android-sujets\/sujet-3-localisation-gps-et-autres\/\">Sujet #3 &#8211; Localisation \/ GPS et autres<\/a><\/li>\n<li><a href=\"http:\/\/chezdom.net\/etu\/android-sujets\/sujet-4-services\/\">Sujet #4 &#8211; Services<\/a><\/li>\n<li><a href=\"http:\/\/chezdom.net\/etu\/android-sujets\/sujet-5-capteurs\/\">Sujet #5 &#8211; Capteurs<\/a><\/li>\n<li><a href=\"http:\/\/chezdom.net\/etu\/android-sujets\/sujet-6-carte\/\">Sujet #6 &#8211; Afficher une carte (GPS suite)<\/a><\/li>\n<li><a href=\"http:\/\/chezdom.net\/etu\/android-sujets\/sujet-7-contentprovider1\/\">Sujet #7 &#8211; Utiliser un fournisseur de contenu<\/a><\/li>\n<li><a href=\"http:\/\/chezdom.net\/etu\/android-sujets\/sujet-8-photo\/\">Sujet #8 &#8211; Appareil photo &#8211; API Camera<\/a><\/li>\n<li>\n<p><a href=\"http:\/\/chezdom.net\/etu\/android-sujets\/sujet-9-touchevent\/\">Sujet #9 &#8211; TouchEvent (Application traces)<\/a><\/p>\n<\/li>\n<li>\n<p><a href=\"http:\/\/chezdom.net\/etu\/android-sujets\/sujet-10-sauvgarder-sur-un-cloud\/\">Sujet #10 &#8211; Sauvegarder sur un cloud<\/a><\/p>\n<\/li>\n<li><a href=\"http:\/\/chezdom.net\/etu\/android-sujets\/sujet-11-statut-du-reseau\/\">Sujet #11 &#8211; Statut du r\u00e9seau<\/a><\/li>\n<li><a href=\"http:\/\/chezdom.net\/etu\/android-sujets\/sujet-12-notification-avec-commandes\/\">Sujet #12 &#8211; Notification avec commandes<\/a><\/li>\n<li><a href=\"http:\/\/chezdom.net\/etu\/android-sujets\/sujet-13-enregistrer-un-son\/\">Sujet #13 &#8211; Enregistrer un son<\/a><\/li>\n<li><a href=\"http:\/\/chezdom.net\/etu\/android-sujets\/sujet-14-permissions\/\">Sujet #14 &#8211; Permissions<\/a><\/li>\n<li><a href=\"http:\/\/chezdom.net\/etu\/android-sujets\/sujet-15-accelerometre\/\">Sujet #15 &#8211; Acc\u00e9l\u00e9rom\u00e8tre<\/a><\/li>\n<li><a href=\"http:\/\/chezdom.net\/etu\/android-sujets\/sujet-16-batterie\/\">Sujet #16 &#8211; \u00c9tat de la batterie<\/a><\/li>\n<\/ul>\n<h2>Calendrier<\/h2>\n<ul>\n<li>\n<p>Sujets Attribu\u00e9s le 19\/11 (pr\u00e9sentation le 17\/12)<\/p>\n<ul>\n<li>Sujet #1 &#8211; Notifications (<a href=\"http:\/\/chezdom.net\/etu\/wp-content\/uploads\/sites\/3\/2019\/01\/NotifMIASHS.pptx\">voir la pr\u00e9sentation de Simon<\/a>)<\/li>\n<li>Sujet #2 &#8211; Intents implicites (<a href=\"http:\/\/chezdom.net\/etu\/wp-content\/uploads\/sites\/3\/2019\/01\/Prez_Implicit_Intents_DGarbarini_171218.pdf\">voir la pr\u00e9sentation de D\u00e9lia<\/a>)<\/li>\n<li>Sujet #3 &#8211; G\u00e9olocalisation (<a href=\"http:\/\/chezdom.net\/etu\/wp-content\/uploads\/sites\/3\/2019\/01\/Localisation-Yosra-Barkallah.pptx\">voir la pr\u00e9sentation de Yosra<\/a>)<\/li>\n<li>Sujet #4 &#8211; Services (<a href=\"http:\/\/chezdom.net\/etu\/wp-content\/uploads\/sites\/3\/2019\/01\/Les-services.pptx\">voir la pr\u00e9sentation de Nassim<\/a>)<\/li>\n<\/ul>\n<\/li>\n<li>Sujets attribu\u00e9s le 17\/12 (pr\u00e9sentation le 7\/01)\n<ul>\n<li>Sujet #5 &#8211; Capteurs (<a href=\"http:\/\/chezdom.net\/etu\/wp-content\/uploads\/sites\/3\/2019\/01\/GiscardAUGUSTIN_Les_Capteurs.pptx\">voir la pr\u00e9sentation de Giscard<\/a>)<\/li>\n<li>Sujet #6 &#8211; Afficher une carte (<a href=\"http:\/\/chezdom.net\/etu\/wp-content\/uploads\/sites\/3\/2019\/01\/projet-belbachir-cherifa.pptx\">voir la pr\u00e9sentation de Cherifa<\/a>)<\/li>\n<li>Sujet #7 &#8211; Utiliser un fournisseur de contenu (<a href=\"http:\/\/chezdom.net\/etu\/wp-content\/uploads\/sites\/3\/2019\/01\/Projet-Android-Trystan.pptx\">voir la pr\u00e9sentation de Trystan<\/a>)<\/li>\n<li>Sujet #8 &#8211; Appareil photo (<a href=\"http:\/\/chezdom.net\/etu\/wp-content\/uploads\/sites\/3\/2019\/01\/projet_Raisa_camera.pdf\"> voir la pr\u00e9sentation de Raissa<\/a>)<\/li>\n<li>Sujet #9 &#8211; TouchEvent (<a href=\"http:\/\/chezdom.net\/etu\/wp-content\/uploads\/sites\/3\/2019\/01\/Programmation-nomade-Christopher.pptx\">voir la pr\u00e9sentation de Christopher<\/a>)<\/li>\n<\/ul>\n<\/li>\n<li>Sujets attribu\u00e9s le 4\/01 (pr\u00e9sentation le 14\/01)\n<ul>\n<li>Sujet #12 &#8211; Notification avec commandes (<a href=\"http:\/\/chezdom.net\/etu\/wp-content\/uploads\/sites\/3\/2019\/01\/NotifAvecCommandes-souad.pdf\">voir la pr\u00e9sentation de Souad<\/a>)<\/li>\n<li>Sujet #13 &#8211; Enregistrer un son (<a href=\"http:\/\/chezdom.net\/etu\/wp-content\/uploads\/sites\/3\/2019\/01\/AndroidStudio_Sofia.pdf\">voir la pr\u00e9sentation de Sofia<\/a>)<\/li>\n<\/ul>\n<\/li>\n<li>Sujets attribu\u00e9s le 9\/01 (pr\u00e9sentation le 21\/01)\n<ul>\n<li>Sujet #10 &#8211; Sauvegarder sur un cloud (<a href=\"http:\/\/chezdom.net\/etu\/wp-content\/uploads\/sites\/3\/2019\/01\/Sam-Sauvegarde_cloud.pdf\">voir la pr\u00e9sentation de Samantha<\/a>)<\/li>\n<li>Sujet #11 &#8211; Statut du r\u00e9seau (<a href=\"http:\/\/chezdom.net\/etu\/wp-content\/uploads\/sites\/3\/2019\/01\/Dom-NetworkStatus.pdf\">voir la pr\u00e9sentation de Dom<\/a>)<\/li>\n<li>Sujet #15 &#8211; Acc\u00e9l\u00e9rom\u00e8tre (<a href=\"http:\/\/chezdom.net\/etu\/wp-content\/uploads\/sites\/3\/2019\/01\/presentation_android_Bille.pdf\">voir la pr\u00e9sentation d&rsquo;Assia<\/a>)<\/li>\n<li>Sujet #16 &#8211; \u00c9tat de la batterie (Julien)<\/li>\n<\/ul>\n<\/li>\n<li>Sujets attribu\u00e9s le 9\/01 (pr\u00e9sentation le 28\/01)\n<ul>\n<li>Sujet #14 &#8211; Permissions (<a href=\"http:\/\/chezdom.net\/etu\/wp-content\/uploads\/sites\/3\/2019\/01\/runTimePermissions_slides.pdf\">voir la pr\u00e9sentation de Soha<\/a>)<\/li>\n<\/ul>\n<\/li>\n<\/ul>\n","protected":false},"excerpt":{"rendered":"<p>Remarques liminaires Il s&rsquo;agit de sujets individuels. La source de documentation la plus fiables est bien s\u00fbr https:\/\/developer.android.com. Vous pouvez aussi vous inspirer de tutos et de forums sur le Web. (par exemple https:\/\/stackoverflow.com, http:\/\/www.vogella.com etc.) Attention toutefois \u00e0 la<span class=\"ellipsis\">&hellip;<\/span> <span class=\"read-more\"><a href=\"https:\/\/chezdom.net\/etu\/android-sujets\/\">Lire la suite &#8250;<\/a><\/span><\/p>\n","protected":false},"author":1,"featured_media":0,"parent":0,"menu_order":0,"comment_status":"closed","ping_status":"closed","template":"","meta":{"jetpack_post_was_ever_published":false,"footnotes":""},"class_list":["post-903","page","type-page","status-publish","hentry"],"jetpack_sharing_enabled":true,"jetpack_shortlink":"https:\/\/wp.me\/P9qu1A-ez","_links":{"self":[{"href":"https:\/\/chezdom.net\/etu\/wp-json\/wp\/v2\/pages\/903","targetHints":{"allow":["GET"]}}],"collection":[{"href":"https:\/\/chezdom.net\/etu\/wp-json\/wp\/v2\/pages"}],"about":[{"href":"https:\/\/chezdom.net\/etu\/wp-json\/wp\/v2\/types\/page"}],"author":[{"embeddable":true,"href":"https:\/\/chezdom.net\/etu\/wp-json\/wp\/v2\/users\/1"}],"replies":[{"embeddable":true,"href":"https:\/\/chezdom.net\/etu\/wp-json\/wp\/v2\/comments?post=903"}],"version-history":[{"count":24,"href":"https:\/\/chezdom.net\/etu\/wp-json\/wp\/v2\/pages\/903\/revisions"}],"predecessor-version":[{"id":1109,"href":"https:\/\/chezdom.net\/etu\/wp-json\/wp\/v2\/pages\/903\/revisions\/1109"}],"wp:attachment":[{"href":"https:\/\/chezdom.net\/etu\/wp-json\/wp\/v2\/media?parent=903"}],"curies":[{"name":"wp","href":"https:\/\/api.w.org\/{rel}","templated":true}]}}