{"id":854,"date":"2018-10-22T18:26:06","date_gmt":"2018-10-22T17:26:06","guid":{"rendered":"http:\/\/chezdom.net\/etu\/?page_id=854"},"modified":"2020-09-28T00:39:58","modified_gmt":"2020-09-27T23:39:58","slug":"enseignements-2018-2019","status":"publish","type":"page","link":"https:\/\/chezdom.net\/etu\/","title":{"rendered":"Enseignements"},"content":{"rendered":"<h2>Master Handi<\/h2>\n<p>Les contenus ont tous \u00e9t\u00e9 transf\u00e9r\u00e9s sur Moodle<\/p>\n","protected":false},"excerpt":{"rendered":"<p>Master Handi Les contenus ont tous \u00e9t\u00e9 transf\u00e9r\u00e9s sur Moodle<\/p>\n","protected":false},"author":1,"featured_media":0,"parent":0,"menu_order":0,"comment_status":"closed","ping_status":"closed","template":"","meta":{"jetpack_post_was_ever_published":false,"footnotes":""},"class_list":["post-854","page","type-page","status-publish","hentry"],"jetpack_sharing_enabled":true,"jetpack_shortlink":"https:\/\/wp.me\/P9qu1A-dM","_links":{"self":[{"href":"https:\/\/chezdom.net\/etu\/wp-json\/wp\/v2\/pages\/854","targetHints":{"allow":["GET"]}}],"collection":[{"href":"https:\/\/chezdom.net\/etu\/wp-json\/wp\/v2\/pages"}],"about":[{"href":"https:\/\/chezdom.net\/etu\/wp-json\/wp\/v2\/types\/page"}],"author":[{"embeddable":true,"href":"https:\/\/chezdom.net\/etu\/wp-json\/wp\/v2\/users\/1"}],"replies":[{"embeddable":true,"href":"https:\/\/chezdom.net\/etu\/wp-json\/wp\/v2\/comments?post=854"}],"version-history":[{"count":6,"href":"https:\/\/chezdom.net\/etu\/wp-json\/wp\/v2\/pages\/854\/revisions"}],"predecessor-version":[{"id":1163,"href":"https:\/\/chezdom.net\/etu\/wp-json\/wp\/v2\/pages\/854\/revisions\/1163"}],"wp:attachment":[{"href":"https:\/\/chezdom.net\/etu\/wp-json\/wp\/v2\/media?parent=854"}],"curies":[{"name":"wp","href":"https:\/\/api.w.org\/{rel}","templated":true}]}}