{"id":567,"date":"2016-01-10T23:46:58","date_gmt":"2016-01-10T22:46:58","guid":{"rendered":"http:\/\/chezdom.net\/etu\/?page_id=567"},"modified":"2016-01-12T18:47:34","modified_gmt":"2016-01-12T17:47:34","slug":"tp-sous-titres","status":"publish","type":"page","link":"https:\/\/chezdom.net\/etu\/tp-sous-titres\/","title":{"rendered":"TP &#8211; Sous-titres"},"content":{"rendered":"<p>Nous allons utiliser gnome-subtitle pour sous titrer la vid\u00e9o du film <a href=\"https:\/\/www.youtube.com\/watch?v=sL2IBhDysNs\">Imm(8)rsion<\/a>.<\/p>\n<h3>Pr\u00e9paration<\/h3>\n<ol>\n<li>Commencez par t\u00e9l\u00e9charger la <a href=\"http:\/\/chezdom.net\/video\/imm8rsion-LowRes.mp4\">vid\u00e9o<\/a> (il s&rsquo;agit ici d&rsquo;une copie en basse r\u00e9solution, suffisante pour pr\u00e9parer les sous-titres).<\/li>\n<li>T\u00e9l\u00e9chargez le d\u00e9but du fichier de sous-titre (les 55 premi\u00e8res secondes sont faites).<\/li>\n<li>Ouvrez visualisez la vid\u00e9o avec le lecteur de vid\u00e9o standard du syst\u00e8me puis affichez les sous-titres.<\/li>\n<li>Ouvrez gnome-subtitles, ouvrez la vid\u00e9o puis le fichier de sous-titres et examinez les 55 premi\u00e8res secondes.<\/li>\n<\/ol>\n<h3>R\u00e9partition des t\u00e2ches<\/h3>\n<p>La vid\u00e9o dure 28 min, pr\u00e9parez chacun les sous-titres pour 3 minutes de vid\u00e9o, puis renommez le fichier de sous-titre en ajoutant les minutes\/secondes du d\u00e9but de votre partie (immersion.srt &#8211;> immersion-0055.srt pour le fichier d\u00e9butant \u00e0 0 min 55 sec) et envoyez le moi par mail.<\/p>\n<table border=\"1\">\n<tr>\n<th>Mila<\/th>\n<td>1 min (55 sec)<\/td>\n<\/tr>\n<tr>\n<th>Camil<\/th>\n<td>3 min<\/td>\n<\/tr>\n<tr>\n<th>Cl\u00e9mence<\/th>\n<td>7 min<\/td>\n<\/tr>\n<tr>\n<th>Yohan<\/th>\n<td>10 min<\/td>\n<\/tr>\n<tr>\n<th>Alexis<\/th>\n<td>13 min<\/td>\n<\/tr>\n<tr>\n<th>Antoine<\/th>\n<td>16 min<\/td>\n<\/tr>\n<tr>\n<th>Marie<\/th>\n<td>19 min<\/td>\n<\/tr>\n<tr>\n<th>Jennifer<\/th>\n<td>22 min<\/td>\n<\/tr>\n<\/table>\n<h3>Compl\u00e9ments<\/h3>\n<p><a href=\"https:\/\/en.wikipedia.org\/wiki\/Comparison_of_subtitle_editors\" target=\"_blank\">Comparaison de diff\u00e9rents logiciels de sous-titrage<\/a> (en anglais)<\/p>\n","protected":false},"excerpt":{"rendered":"<p>Nous allons utiliser gnome-subtitle pour sous titrer la vid\u00e9o du film Imm(8)rsion. Pr\u00e9paration Commencez par t\u00e9l\u00e9charger la vid\u00e9o (il s&rsquo;agit ici d&rsquo;une copie en basse r\u00e9solution, suffisante pour pr\u00e9parer les sous-titres). T\u00e9l\u00e9chargez le d\u00e9but du fichier de sous-titre (les 55<span class=\"ellipsis\">&hellip;<\/span> <span class=\"read-more\"><a href=\"https:\/\/chezdom.net\/etu\/tp-sous-titres\/\">Lire la suite &#8250;<\/a><\/span><\/p>\n","protected":false},"author":1,"featured_media":0,"parent":0,"menu_order":0,"comment_status":"closed","ping_status":"closed","template":"","meta":{"jetpack_post_was_ever_published":false,"footnotes":""},"class_list":["post-567","page","type-page","status-publish","hentry"],"jetpack_sharing_enabled":true,"jetpack_shortlink":"https:\/\/wp.me\/P9qu1A-99","_links":{"self":[{"href":"https:\/\/chezdom.net\/etu\/wp-json\/wp\/v2\/pages\/567","targetHints":{"allow":["GET"]}}],"collection":[{"href":"https:\/\/chezdom.net\/etu\/wp-json\/wp\/v2\/pages"}],"about":[{"href":"https:\/\/chezdom.net\/etu\/wp-json\/wp\/v2\/types\/page"}],"author":[{"embeddable":true,"href":"https:\/\/chezdom.net\/etu\/wp-json\/wp\/v2\/users\/1"}],"replies":[{"embeddable":true,"href":"https:\/\/chezdom.net\/etu\/wp-json\/wp\/v2\/comments?post=567"}],"version-history":[{"count":10,"href":"https:\/\/chezdom.net\/etu\/wp-json\/wp\/v2\/pages\/567\/revisions"}],"predecessor-version":[{"id":584,"href":"https:\/\/chezdom.net\/etu\/wp-json\/wp\/v2\/pages\/567\/revisions\/584"}],"wp:attachment":[{"href":"https:\/\/chezdom.net\/etu\/wp-json\/wp\/v2\/media?parent=567"}],"curies":[{"name":"wp","href":"https:\/\/api.w.org\/{rel}","templated":true}]}}