{"id":544,"date":"2015-11-09T16:31:53","date_gmt":"2015-11-09T15:31:53","guid":{"rendered":"http:\/\/chezdom.net\/etu\/?page_id=544"},"modified":"2018-01-23T23:20:55","modified_gmt":"2018-01-23T22:20:55","slug":"android-tp3-lecteur-decran","status":"publish","type":"page","link":"https:\/\/chezdom.net\/etu\/android-tp3-lecteur-decran\/","title":{"rendered":"Android &#8211; Fonctions d&rsquo;accessibilit\u00e9 et Lecteur d&rsquo;\u00e9cran"},"content":{"rendered":"<h3>Fonctions d&rsquo;accessibilit\u00e9<\/h3>\n<ol>\n<li>Quelles sont les fonction essentielles d&rsquo;un smartphone pouvant \u00eatre utilis\u00e9 par des personnes sourdes ?<\/li>\n<li>Quels moyens de compensation permettent \u00e0 l&rsquo;utilisateur de savoir qu&rsquo;un message texte vient d&rsquo;\u00eatre re\u00e7u ?<\/li>\n<li>Allez dans le menu Accessibilit\u00e9 (dans le menu \u00ab\u00a0Param\u00e8tres\u00a0\u00bb). Listez les fonctions permettant aux personnes ayant un handicap auditif.\u00a0Essayez les : activez une ou plusieurs de ces fonctions et \u00e9changez des messages avec un autre \u00e9tudiant &#8211; des SMS si vous avez un forfait incluant des SMS illimit\u00e9s, ou des messages via une application de messagerie gratuite (Skype, Hangout, WhatsApp, etc.).<\/li>\n<li>Quelles sont les fonction essentielles d&rsquo;un smartphone pouvant \u00eatre utilis\u00e9 par des personnes malvoyantes ? par des personnes aveugles ?<\/li>\n<\/ol>\n<h3>Talkback<\/h3>\n<ol>\n<li>Retournez dans le menu Accessibilit\u00e9 et activez Talkback.<\/li>\n<li>Lancez le tutoriel et faites le jusqu&rsquo;au bout, en cachant l&rsquo;\u00e9cran (en mettant un tissu  dessus par exemple &#8211; par exemple une \u00e9charpe ou un manteau).<\/li>\n<\/ol>\n<p>N&rsquo;oubliez pas que pour activer quelque chose (un item de menu, un bouton ou une touche du clavier par exemple). Il faut double cliquer avec le doigt. Pour revenir \u00e0 l&rsquo;\u00e9cran d\u2019accueil on fait glisser le doigt vers le haut puis \u00e0 gauche en un seul mouvement. Pour afficher la zone d&rsquo;informations en haut de l&rsquo;\u00e9cran, faire glisser 2 doigts vers le bas.<\/p>\n<h3>Votre appli fonctionne-t-elle avec talkback ?<\/h3>\n<p>Essayez de faire fonctionner vos applis de TP.<br \/>\nRencontrez vous des pbms d&rsquo;accessiblit\u00e9 ? Pourquoi ?<\/p>\n<h3>Documentation<\/h3>\n<ul>\n<li>Qu\u2019est ce que le TalkBack et comment l&rsquo;activer ? Sur samsung.com : <a href=\"http:\/\/www.samsung.com\/n_africa\/support\/skp\/faq\/1031308\">http:\/\/www.samsung.com\/n_africa\/support\/skp\/faq\/1031308<\/a><\/li>\n<li>Activer TalkBack, sur Android Accessibility : <a href=\"https:\/\/support.google.com\/accessibility\/android\/answer\/6007100?hl=fr\">https:\/\/support.google.com\/accessibility\/android\/answer\/6007100?hl=fr<\/a><\/li>\n<li>Et en cas d&rsquo;urgence \ud83d\ude42 D\u00e9sactiver TalkBack <a href=\"https:\/\/support.google.com\/accessibility\/android\/answer\/6007123?hl=fr\">https:\/\/support.google.com\/accessibility\/android\/answer\/6007123?hl=fr<\/a><\/li>\n<\/ul>\n<p>En compl\u00e9ment pour les heureux possesseurs d&rsquo;iPhone, les infos d&rsquo;accessibilit\u00e9 d&rsquo;Apple sont l\u00e0 : <a href=\"https:\/\/www.apple.com\/fr\/accessibility\/iphone\/vision\/\">https:\/\/www.apple.com\/fr\/accessibility\/iphone\/vision\/<\/a><\/p>\n","protected":false},"excerpt":{"rendered":"<p>Fonctions d&rsquo;accessibilit\u00e9 Quelles sont les fonction essentielles d&rsquo;un smartphone pouvant \u00eatre utilis\u00e9 par des personnes sourdes ? Quels moyens de compensation permettent \u00e0 l&rsquo;utilisateur de savoir qu&rsquo;un message texte vient d&rsquo;\u00eatre re\u00e7u ? Allez dans le menu Accessibilit\u00e9 (dans le<span class=\"ellipsis\">&hellip;<\/span> <span class=\"read-more\"><a href=\"https:\/\/chezdom.net\/etu\/android-tp3-lecteur-decran\/\">Lire la suite &#8250;<\/a><\/span><\/p>\n","protected":false},"author":1,"featured_media":0,"parent":0,"menu_order":0,"comment_status":"closed","ping_status":"closed","template":"","meta":{"jetpack_post_was_ever_published":false,"footnotes":""},"class_list":["post-544","page","type-page","status-publish","hentry"],"jetpack_sharing_enabled":true,"jetpack_shortlink":"https:\/\/wp.me\/P9qu1A-8M","_links":{"self":[{"href":"https:\/\/chezdom.net\/etu\/wp-json\/wp\/v2\/pages\/544","targetHints":{"allow":["GET"]}}],"collection":[{"href":"https:\/\/chezdom.net\/etu\/wp-json\/wp\/v2\/pages"}],"about":[{"href":"https:\/\/chezdom.net\/etu\/wp-json\/wp\/v2\/types\/page"}],"author":[{"embeddable":true,"href":"https:\/\/chezdom.net\/etu\/wp-json\/wp\/v2\/users\/1"}],"replies":[{"embeddable":true,"href":"https:\/\/chezdom.net\/etu\/wp-json\/wp\/v2\/comments?post=544"}],"version-history":[{"count":5,"href":"https:\/\/chezdom.net\/etu\/wp-json\/wp\/v2\/pages\/544\/revisions"}],"predecessor-version":[{"id":824,"href":"https:\/\/chezdom.net\/etu\/wp-json\/wp\/v2\/pages\/544\/revisions\/824"}],"wp:attachment":[{"href":"https:\/\/chezdom.net\/etu\/wp-json\/wp\/v2\/media?parent=544"}],"curies":[{"name":"wp","href":"https:\/\/api.w.org\/{rel}","templated":true}]}}