{"id":424,"date":"2013-12-17T19:32:30","date_gmt":"2013-12-17T18:32:30","guid":{"rendered":"http:\/\/chezdom.net\/etu\/?page_id=424"},"modified":"2016-01-05T22:08:31","modified_gmt":"2016-01-05T21:08:31","slug":"fiche-de-lecture","status":"publish","type":"page","link":"https:\/\/chezdom.net\/etu\/fiche-de-lecture\/","title":{"rendered":"Fiche de lecture"},"content":{"rendered":"<p>Vous devez avoir re\u00e7u chacun un article de la conf\u00e9rence <a href=\"http:\/\/www.aaate2015.eu\/\">AAATE 2015<\/a>, Vous devez en faire une fiche de lecture. La fiche de lecture est un document concis (1 page) dans laquelle on trouve d&rsquo;une part les informations bibliographiques compl\u00e8tes de l&rsquo;article (titre, auteurs, r\u00e9f\u00e9rence de l&rsquo;ouvrage, ann\u00e9e, pages, etc., et d&rsquo;autre part un court texte dans lequel vous indiquez ce que l&rsquo;article contient : sujet de l&rsquo;\u00e9tude et r\u00e9sultats. Attention il ne s&rsquo;agit pas de faire un r\u00e9sum\u00e9 de l&rsquo;article mais d&rsquo;indiquer \u00e0 un tiers ce qu&rsquo;il trouvera dans l&rsquo;article s&rsquo;il le lit. Ainsi ce dernier pourra d\u00e9cider de lire cet article ou non, en fonction des th\u00e8mes sur lesquels il travaille par exemple.<br \/>\nCe travail est \u00e0 rendre pour le 22 janvier. Vous devrez faire une pr\u00e9sentation de l&rsquo;article \u00e0 l&rsquo;oral le 26 janvier.<\/p>\n","protected":false},"excerpt":{"rendered":"<p>Vous devez avoir re\u00e7u chacun un article de la conf\u00e9rence AAATE 2015, Vous devez en faire une fiche de lecture. La fiche de lecture est un document concis (1 page) dans laquelle on trouve d&rsquo;une part les informations bibliographiques compl\u00e8tes<span class=\"ellipsis\">&hellip;<\/span> <span class=\"read-more\"><a href=\"https:\/\/chezdom.net\/etu\/fiche-de-lecture\/\">Lire la suite &#8250;<\/a><\/span><\/p>\n","protected":false},"author":1,"featured_media":0,"parent":0,"menu_order":0,"comment_status":"open","ping_status":"open","template":"","meta":{"jetpack_post_was_ever_published":false,"footnotes":""},"class_list":["post-424","page","type-page","status-publish","hentry"],"jetpack_sharing_enabled":true,"jetpack_shortlink":"https:\/\/wp.me\/P9qu1A-6Q","_links":{"self":[{"href":"https:\/\/chezdom.net\/etu\/wp-json\/wp\/v2\/pages\/424","targetHints":{"allow":["GET"]}}],"collection":[{"href":"https:\/\/chezdom.net\/etu\/wp-json\/wp\/v2\/pages"}],"about":[{"href":"https:\/\/chezdom.net\/etu\/wp-json\/wp\/v2\/types\/page"}],"author":[{"embeddable":true,"href":"https:\/\/chezdom.net\/etu\/wp-json\/wp\/v2\/users\/1"}],"replies":[{"embeddable":true,"href":"https:\/\/chezdom.net\/etu\/wp-json\/wp\/v2\/comments?post=424"}],"version-history":[{"count":6,"href":"https:\/\/chezdom.net\/etu\/wp-json\/wp\/v2\/pages\/424\/revisions"}],"predecessor-version":[{"id":565,"href":"https:\/\/chezdom.net\/etu\/wp-json\/wp\/v2\/pages\/424\/revisions\/565"}],"wp:attachment":[{"href":"https:\/\/chezdom.net\/etu\/wp-json\/wp\/v2\/media?parent=424"}],"curies":[{"name":"wp","href":"https:\/\/api.w.org\/{rel}","templated":true}]}}