{"id":230,"date":"2012-10-03T17:37:57","date_gmt":"2012-10-03T16:37:57","guid":{"rendered":"http:\/\/chezdom.net\/etu\/?page_id=230"},"modified":"2014-10-11T16:55:27","modified_gmt":"2014-10-11T15:55:27","slug":"algopython","status":"publish","type":"page","link":"https:\/\/chezdom.net\/etu\/doc\/algopython\/","title":{"rendered":"Intensif Algo\/python"},"content":{"rendered":"<h3>Documents de cours<\/h3>\n<ul>\n<li><a href=\"http:\/\/chezdom.net\/etu\/wp-content\/uploads\/sites\/3\/2012\/10\/Cours1.paper_3.pdf\">Cours d&rsquo;algo<\/a><\/li>\n<li><a href=\"http:\/\/chezdom.net\/etu\/wp-content\/uploads\/sites\/3\/2012\/10\/Algo-Python.pdf\">Aide m\u00e9moire algo\/python<\/a><\/li>\n<\/ul>\n<h3>Feuille de TDs\/TPs<\/h3>\n<ul>\n<li><a href=\"http:\/\/chezdom.net\/etu\/wp-content\/uploads\/sites\/3\/2012\/10\/TD1-\u00e9nonc\u00e9.pdf\">TD1 (\u00e9nonc\u00e9)<\/a><\/li>\n<li><a href=\"http:\/\/chezdom.net\/etu\/wp-content\/uploads\/sites\/3\/2012\/10\/TD1-corrig\u00e91.pdf\">TD1 (corrig\u00e9)<\/a><\/li>\n<li><a href=\"http:\/\/chezdom.net\/etu\/wp-content\/uploads\/sites\/3\/2012\/10\/TP1.pdf\">TP1 Python<\/a><\/li>\n<li><a href=\"http:\/\/chezdom.net\/etu\/wp-content\/uploads\/sites\/3\/2012\/10\/TP2.pdf\">TP2 Python<\/a><\/li>\n<\/ul>\n<p><a href=\"http:\/\/chezdom.net\/etu\/wp-content\/uploads\/sites\/3\/2014\/10\/carres-screenshot.png\"><img loading=\"lazy\" decoding=\"async\" class=\"alignright size-thumbnail wp-image-463\" src=\"http:\/\/chezdom.net\/etu\/wp-content\/uploads\/sites\/3\/2014\/10\/carres-screenshot-150x150.png\" alt=\"carres-screenshot\" width=\"150\" height=\"150\" \/><\/a><\/p>\n<h3>Un peu de python<\/h3>\n<ul>\n<li><a title=\"\u00c9chiquier turtle\" href=\"http:\/\/chezdom.net\/etu\/echiquier-turtle\/\">un \u00e9chiquier avec le module Turtle<\/a><\/li>\n<\/ul>\n<h3>Examen<\/h3>\n<ul>\n<li><a href=\"http:\/\/chezdom.net\/etu\/wp-content\/uploads\/sites\/3\/2012\/10\/PythonExam2014-Sujet.pdf\">Examen 2014<\/a><\/li>\n<li><a href=\"http:\/\/chezdom.net\/etu\/wp-content\/uploads\/sites\/3\/2012\/10\/PythonExam2014-Corrig\u00e9.pdf\">Examen 2014 : Corrig\u00e9<\/a><\/li>\n<\/ul>\n","protected":false},"excerpt":{"rendered":"<p>Documents de cours Cours d&rsquo;algo Aide m\u00e9moire algo\/python Feuille de TDs\/TPs TD1 (\u00e9nonc\u00e9) TD1 (corrig\u00e9) TP1 Python TP2 Python Un peu de python un \u00e9chiquier avec le module Turtle Examen Examen 2014 Examen 2014 : Corrig\u00e9<\/p>\n","protected":false},"author":1,"featured_media":0,"parent":107,"menu_order":0,"comment_status":"open","ping_status":"open","template":"","meta":{"jetpack_post_was_ever_published":false,"footnotes":""},"class_list":["post-230","page","type-page","status-publish","hentry"],"jetpack_sharing_enabled":true,"jetpack_shortlink":"https:\/\/wp.me\/P9qu1A-3I","_links":{"self":[{"href":"https:\/\/chezdom.net\/etu\/wp-json\/wp\/v2\/pages\/230","targetHints":{"allow":["GET"]}}],"collection":[{"href":"https:\/\/chezdom.net\/etu\/wp-json\/wp\/v2\/pages"}],"about":[{"href":"https:\/\/chezdom.net\/etu\/wp-json\/wp\/v2\/types\/page"}],"author":[{"embeddable":true,"href":"https:\/\/chezdom.net\/etu\/wp-json\/wp\/v2\/users\/1"}],"replies":[{"embeddable":true,"href":"https:\/\/chezdom.net\/etu\/wp-json\/wp\/v2\/comments?post=230"}],"version-history":[{"count":20,"href":"https:\/\/chezdom.net\/etu\/wp-json\/wp\/v2\/pages\/230\/revisions"}],"predecessor-version":[{"id":470,"href":"https:\/\/chezdom.net\/etu\/wp-json\/wp\/v2\/pages\/230\/revisions\/470"}],"up":[{"embeddable":true,"href":"https:\/\/chezdom.net\/etu\/wp-json\/wp\/v2\/pages\/107"}],"wp:attachment":[{"href":"https:\/\/chezdom.net\/etu\/wp-json\/wp\/v2\/media?parent=230"}],"curies":[{"name":"wp","href":"https:\/\/api.w.org\/{rel}","templated":true}]}}