{"id":213,"date":"2012-12-25T21:59:20","date_gmt":"2012-12-25T20:59:20","guid":{"rendered":"http:\/\/chezdom.net\/etu\/?page_id=213"},"modified":"2012-12-25T21:59:20","modified_gmt":"2012-12-25T20:59:20","slug":"mini-projet-memory","status":"publish","type":"page","link":"https:\/\/chezdom.net\/etu\/doc\/android\/mini-projet-memory\/","title":{"rendered":"Mini-Projet \u00ab\u00a0Memory\u00a0\u00bb"},"content":{"rendered":"<p>Le mini-projet consiste \u00e0 d\u00e9velopper une impl\u00e9mentation accessible du jeu de cartes classique \u00ab\u00a0Memory\u00a0\u00bb (voir la <a href=\"http:\/\/fr.wikipedia.org\/wiki\/Memory_(jeu)\" title=\"Memory sur Wikipedia\">description du jeu sur Wikipedia<\/a> si vous avez oubli\u00e9 les r\u00e8gles).<\/p>\n<p>Quelques indications suppl\u00e9mentaires seront donn\u00e9es ult\u00e9rieurement sur cette page. <\/p>\n","protected":false},"excerpt":{"rendered":"<p>Le mini-projet consiste \u00e0 d\u00e9velopper une impl\u00e9mentation accessible du jeu de cartes classique \u00ab\u00a0Memory\u00a0\u00bb (voir la description du jeu sur Wikipedia si vous avez oubli\u00e9 les r\u00e8gles). Quelques indications suppl\u00e9mentaires seront donn\u00e9es ult\u00e9rieurement sur cette page.<\/p>\n","protected":false},"author":1,"featured_media":0,"parent":154,"menu_order":0,"comment_status":"open","ping_status":"open","template":"","meta":{"jetpack_post_was_ever_published":false,"footnotes":""},"class_list":["post-213","page","type-page","status-publish","hentry"],"jetpack_sharing_enabled":true,"jetpack_shortlink":"https:\/\/wp.me\/P9qu1A-3r","_links":{"self":[{"href":"https:\/\/chezdom.net\/etu\/wp-json\/wp\/v2\/pages\/213","targetHints":{"allow":["GET"]}}],"collection":[{"href":"https:\/\/chezdom.net\/etu\/wp-json\/wp\/v2\/pages"}],"about":[{"href":"https:\/\/chezdom.net\/etu\/wp-json\/wp\/v2\/types\/page"}],"author":[{"embeddable":true,"href":"https:\/\/chezdom.net\/etu\/wp-json\/wp\/v2\/users\/1"}],"replies":[{"embeddable":true,"href":"https:\/\/chezdom.net\/etu\/wp-json\/wp\/v2\/comments?post=213"}],"version-history":[{"count":1,"href":"https:\/\/chezdom.net\/etu\/wp-json\/wp\/v2\/pages\/213\/revisions"}],"predecessor-version":[{"id":214,"href":"https:\/\/chezdom.net\/etu\/wp-json\/wp\/v2\/pages\/213\/revisions\/214"}],"up":[{"embeddable":true,"href":"https:\/\/chezdom.net\/etu\/wp-json\/wp\/v2\/pages\/154"}],"wp:attachment":[{"href":"https:\/\/chezdom.net\/etu\/wp-json\/wp\/v2\/media?parent=213"}],"curies":[{"name":"wp","href":"https:\/\/api.w.org\/{rel}","templated":true}]}}