{"id":188,"date":"2012-11-12T19:42:08","date_gmt":"2012-11-12T18:42:08","guid":{"rendered":"http:\/\/chezdom.net\/etu\/?page_id=188"},"modified":"2012-12-25T21:53:11","modified_gmt":"2012-12-25T20:53:11","slug":"android-tp2","status":"publish","type":"page","link":"https:\/\/chezdom.net\/etu\/doc\/android\/android-tp2\/","title":{"rendered":"Android TP2"},"content":{"rendered":"<p>Voici le code java du squelette d&rsquo;une application destin\u00e9e \u00e0 traiter les \u00e9v\u00e8nements de type \u00ab\u00a0Touch\u00a0\u00bb : <a title=\"SwipeScreenActivity.java\" href=\"http:\/\/chezdom.net\/etu\/doc\/android\/android-tp2\/SwipeScreenActivity.java\/\">swipescreenactivity.java<\/a>. Commencez par cr\u00e9er un projet Android dans lequel l&rsquo;ins\u00e9rer.<\/p>\n<p>Modifier le code pr\u00e9c\u00e9dent pour changer la couleur de fond du TextView lors qu&rsquo;on glisse le doigt de droite \u00e0 gauche ou de gauche \u00e0 droite, \u00e0 partir d&rsquo;une liste de couleurs ordonn\u00e9es (glisser \u00e0 droite et glisser \u00e0 gauche ne donnent pas le m\u00eame r\u00e9sultat).<\/p>\n<p>Voici un corrig\u00e9 : <a title=\"SwipeScreenActivity.java (corrig\u00e9)\" href=\"http:\/\/chezdom.net\/etu\/doc\/android\/android-tp2\/swipescreenactivity-java-corrige\/\">swipescreenactivity.java<\/a><\/p>\n","protected":false},"excerpt":{"rendered":"<p>Voici le code java du squelette d&rsquo;une application destin\u00e9e \u00e0 traiter les \u00e9v\u00e8nements de type \u00ab\u00a0Touch\u00a0\u00bb : swipescreenactivity.java. Commencez par cr\u00e9er un projet Android dans lequel l&rsquo;ins\u00e9rer. Modifier le code pr\u00e9c\u00e9dent pour changer la couleur de fond du TextView lors<span class=\"ellipsis\">&hellip;<\/span> <span class=\"read-more\"><a href=\"https:\/\/chezdom.net\/etu\/doc\/android\/android-tp2\/\">Lire la suite &#8250;<\/a><\/span><\/p>\n","protected":false},"author":1,"featured_media":0,"parent":154,"menu_order":0,"comment_status":"open","ping_status":"open","template":"","meta":{"jetpack_post_was_ever_published":false,"footnotes":""},"class_list":["post-188","page","type-page","status-publish","hentry"],"jetpack_sharing_enabled":true,"jetpack_shortlink":"https:\/\/wp.me\/P9qu1A-32","_links":{"self":[{"href":"https:\/\/chezdom.net\/etu\/wp-json\/wp\/v2\/pages\/188","targetHints":{"allow":["GET"]}}],"collection":[{"href":"https:\/\/chezdom.net\/etu\/wp-json\/wp\/v2\/pages"}],"about":[{"href":"https:\/\/chezdom.net\/etu\/wp-json\/wp\/v2\/types\/page"}],"author":[{"embeddable":true,"href":"https:\/\/chezdom.net\/etu\/wp-json\/wp\/v2\/users\/1"}],"replies":[{"embeddable":true,"href":"https:\/\/chezdom.net\/etu\/wp-json\/wp\/v2\/comments?post=188"}],"version-history":[{"count":9,"href":"https:\/\/chezdom.net\/etu\/wp-json\/wp\/v2\/pages\/188\/revisions"}],"predecessor-version":[{"id":211,"href":"https:\/\/chezdom.net\/etu\/wp-json\/wp\/v2\/pages\/188\/revisions\/211"}],"up":[{"embeddable":true,"href":"https:\/\/chezdom.net\/etu\/wp-json\/wp\/v2\/pages\/154"}],"wp:attachment":[{"href":"https:\/\/chezdom.net\/etu\/wp-json\/wp\/v2\/media?parent=188"}],"curies":[{"name":"wp","href":"https:\/\/api.w.org\/{rel}","templated":true}]}}