{"id":154,"date":"2012-12-25T18:38:31","date_gmt":"2012-12-25T17:38:31","guid":{"rendered":"http:\/\/chezdom.net\/etu\/?page_id=154"},"modified":"2015-10-26T14:49:10","modified_gmt":"2015-10-26T13:49:10","slug":"android","status":"publish","type":"page","link":"https:\/\/chezdom.net\/etu\/doc\/android\/","title":{"rendered":"Programmation nomade (avant 2015)"},"content":{"rendered":"<h3>News concernant ce cours<\/h3>\n<p>(changements d&#8217;emploi du temps, dates de remise des travaux, <em>etc.<\/em>)<br \/>\n[catlist name=android numberposts=3 date=yes dateformat=\u00a0\u00bb(j F Y)\u00a0\u00bb]<\/p>\n<p><a href=\"http:\/\/chezdom.net\/etu\/category\/handi\/android\/\"><em>Toutes les news&#8230;<\/em><\/a><\/p>\n<h3>Documents de Cours<\/h3>\n<ul>\n<li><a href=\"http:\/\/chezdom.net\/etu\/wp-content\/uploads\/sites\/3\/2012\/12\/Android.paper_.pdf\">Cours (1 et 2)<\/a>\u00a0(comprenant cours et TP),<\/li>\n<li><a href=\"http:\/\/chezdom.net\/etu\/wp-content\/uploads\/sites\/3\/2012\/12\/Android-DB.paper_.pdf\">Cours sur l&rsquo;enregistrement de donn\u00e9es<\/a>\u00a0(pr\u00e9f\u00e9rences, fichiers et bases de donn\u00e9es).<\/li>\n<\/ul>\n<h3>Code exemple<\/h3>\n<ul>\n<li>Cours du 05\/11\/2012 : <a href=\"http:\/\/chezdom.net\/etu\/wp-content\/uploads\/sites\/3\/2012\/12\/5nov.zip\">5nov.zip<\/a><\/li>\n<li>Cours du 19\/11\/2012 : <a href=\"http:\/\/chezdom.net\/etu\/wp-content\/uploads\/sites\/3\/2012\/12\/Motos-20121119.zip\">Motos-20121119.zip<\/a><\/li>\n<\/ul>\n<h3>\u00a0TPs et mini-projet<\/h3>\n<ul>\n<li><a title=\"Android TP2\" href=\"http:\/\/chezdom.net\/etu\/doc\/android\/android-tp2\/\">TP2 (12\/11\/2012)<\/a><\/li>\n<li><a title=\"Mini-Projet \u00ab\u00a0Memory\u00a0\u00bb\" href=\"http:\/\/chezdom.net\/etu\/doc\/android\/mini-projet-memory\/\">Mini-projet<\/a><\/li>\n<\/ul>\n","protected":false},"excerpt":{"rendered":"<p>News concernant ce cours (changements d&#8217;emploi du temps, dates de remise des travaux, etc.) [catlist name=android numberposts=3 date=yes dateformat=\u00a0\u00bb(j F Y)\u00a0\u00bb] Toutes les news&#8230; Documents de Cours Cours (1 et 2)\u00a0(comprenant cours et TP), Cours sur l&rsquo;enregistrement de donn\u00e9es\u00a0(pr\u00e9f\u00e9rences, fichiers<span class=\"ellipsis\">&hellip;<\/span> <span class=\"read-more\"><a href=\"https:\/\/chezdom.net\/etu\/doc\/android\/\">Lire la suite &#8250;<\/a><\/span><\/p>\n","protected":false},"author":1,"featured_media":0,"parent":107,"menu_order":0,"comment_status":"open","ping_status":"closed","template":"","meta":{"jetpack_post_was_ever_published":false,"footnotes":""},"class_list":["post-154","page","type-page","status-publish","hentry"],"jetpack_sharing_enabled":true,"jetpack_shortlink":"https:\/\/wp.me\/P9qu1A-2u","_links":{"self":[{"href":"https:\/\/chezdom.net\/etu\/wp-json\/wp\/v2\/pages\/154","targetHints":{"allow":["GET"]}}],"collection":[{"href":"https:\/\/chezdom.net\/etu\/wp-json\/wp\/v2\/pages"}],"about":[{"href":"https:\/\/chezdom.net\/etu\/wp-json\/wp\/v2\/types\/page"}],"author":[{"embeddable":true,"href":"https:\/\/chezdom.net\/etu\/wp-json\/wp\/v2\/users\/1"}],"replies":[{"embeddable":true,"href":"https:\/\/chezdom.net\/etu\/wp-json\/wp\/v2\/comments?post=154"}],"version-history":[{"count":16,"href":"https:\/\/chezdom.net\/etu\/wp-json\/wp\/v2\/pages\/154\/revisions"}],"predecessor-version":[{"id":503,"href":"https:\/\/chezdom.net\/etu\/wp-json\/wp\/v2\/pages\/154\/revisions\/503"}],"up":[{"embeddable":true,"href":"https:\/\/chezdom.net\/etu\/wp-json\/wp\/v2\/pages\/107"}],"wp:attachment":[{"href":"https:\/\/chezdom.net\/etu\/wp-json\/wp\/v2\/media?parent=154"}],"curies":[{"name":"wp","href":"https:\/\/api.w.org\/{rel}","templated":true}]}}