{"id":121,"date":"2012-12-25T09:53:04","date_gmt":"2012-12-25T08:53:04","guid":{"rendered":"http:\/\/chezdom.net\/etu\/?page_id=121"},"modified":"2015-12-08T19:08:01","modified_gmt":"2015-12-08T18:08:01","slug":"tp-accessibilite-web","status":"publish","type":"page","link":"https:\/\/chezdom.net\/etu\/doc\/inova\/tp-accessibilite-web\/","title":{"rendered":"TP Accessibilit\u00e9 Web"},"content":{"rendered":"<p>Choisissez 2 sites Web: un site de vente en ligne et un site public (gouvernement, collectivit\u00e9s locales, services publics&#8230;). Il n&rsquo;y a pas de consigne particuli\u00e8re sur le choix. Certains sites sont tr\u00e8s complexes et l&rsquo;objectif du TP n&rsquo;est pas de r\u00e9soudre un casse-t\u00eate insoluble. Vous pouvez en essayer plusieurs (sur la premi\u00e8re question) avant de choisir d\u00e9finitivement.<br \/>\n<!--more--><\/p>\n<h3>1. \u00c9valuation rapide<\/h3>\n<p>\u00c9valuez-en rapidement l&rsquo;accessibilit\u00e9 des sites que vous avez choisi en utilisant les r\u00e9glages de votre navigateur: supprimer les images, les styles, les scripts, etc. r\u00e9duisez la taille de la fen\u00eatre afin de n&rsquo;afficher qu&rsquo;une seule ligne \u00e0 la fois et estimez le temps qui vous est n\u00e9cessaire pour acc\u00e9dez \u00e0 l&rsquo;information int\u00e9ressante sur la page.<br \/>\nVous pouvez vous aider avec une barre d&rsquo;outils d&rsquo;accessibilit\u00e9 (voir page <a title=\"Interfaces non visuelles et accessibilit\u00e9\" href=\"http:\/\/chezdom.net\/etu\/2012-2013\/inova\/#util\">inova<\/a>).<\/p>\n<h3>2. \u00c9valuation objective<\/h3>\n<p>Utilisez des outils de validation pour \u00e9valuer l&rsquo;accessibilit\u00e9 de ces 2 sites. Pour cela je vous propose d&rsquo;utiliser les outils de diagnostic en ligne (voir page <a title=\"Interfaces non visuelles et accessibilit\u00e9\" href=\"http:\/\/chezdom.net\/etu\/2012-2013\/inova\/#util\">inova<\/a>).<\/p>\n<h3>3. R\u00e9paration<\/h3>\n<p>Proposez des solutions pour \u00ab\u00a0r\u00e9parer\u00a0\u00bb l&rsquo;accessibilit\u00e9 du site. Ne traitez pas n\u00e9cessairement l&rsquo;ensemble des probl\u00e8mes d&rsquo;accessibilit\u00e9. <!-- Si le site presente de nombreux probl\u00e8mes de niveau 1, laissez tomber les niveaux 2 et 3. Par contre si votre site est accessible au niveau 2, traitez le niveau 3.--><\/p>\n<h3>4. Travail \u00e0 rendre<\/h3>\n<p>Composez un rapport d&rsquo;accessibilit\u00e9 pour chacun des 2 sites. Ce rapport doit comprendre<\/p>\n<ul>\n<li>un paragraphe d&rsquo;introduction informel (bas\u00e9 sur la question 1)<\/li>\n<li>un r\u00e9sum\u00e9 des r\u00e9sultats de l&rsquo;\u00e9tude objective<\/li>\n<li>une liste de propositions de r\u00e9paration<\/li>\n<\/ul>\n<p>Ce travail doit \u00eatre rendu exclusivement de fa\u00e7on \u00e9lectronique (par email).<\/p>\n","protected":false},"excerpt":{"rendered":"<p>Choisissez 2 sites Web: un site de vente en ligne et un site public (gouvernement, collectivit\u00e9s locales, services publics&#8230;). Il n&rsquo;y a pas de consigne particuli\u00e8re sur le choix. Certains sites sont tr\u00e8s complexes et l&rsquo;objectif du TP n&rsquo;est pas<span class=\"ellipsis\">&hellip;<\/span> <span class=\"read-more\"><a href=\"https:\/\/chezdom.net\/etu\/doc\/inova\/tp-accessibilite-web\/\">Lire la suite &#8250;<\/a><\/span><\/p>\n","protected":false},"author":1,"featured_media":0,"parent":113,"menu_order":0,"comment_status":"open","ping_status":"closed","template":"","meta":{"jetpack_post_was_ever_published":false,"footnotes":""},"class_list":["post-121","page","type-page","status-publish","hentry"],"jetpack_sharing_enabled":true,"jetpack_shortlink":"https:\/\/wp.me\/P9qu1A-1X","_links":{"self":[{"href":"https:\/\/chezdom.net\/etu\/wp-json\/wp\/v2\/pages\/121","targetHints":{"allow":["GET"]}}],"collection":[{"href":"https:\/\/chezdom.net\/etu\/wp-json\/wp\/v2\/pages"}],"about":[{"href":"https:\/\/chezdom.net\/etu\/wp-json\/wp\/v2\/types\/page"}],"author":[{"embeddable":true,"href":"https:\/\/chezdom.net\/etu\/wp-json\/wp\/v2\/users\/1"}],"replies":[{"embeddable":true,"href":"https:\/\/chezdom.net\/etu\/wp-json\/wp\/v2\/comments?post=121"}],"version-history":[{"count":9,"href":"https:\/\/chezdom.net\/etu\/wp-json\/wp\/v2\/pages\/121\/revisions"}],"predecessor-version":[{"id":554,"href":"https:\/\/chezdom.net\/etu\/wp-json\/wp\/v2\/pages\/121\/revisions\/554"}],"up":[{"embeddable":true,"href":"https:\/\/chezdom.net\/etu\/wp-json\/wp\/v2\/pages\/113"}],"wp:attachment":[{"href":"https:\/\/chezdom.net\/etu\/wp-json\/wp\/v2\/media?parent=121"}],"curies":[{"name":"wp","href":"https:\/\/api.w.org\/{rel}","templated":true}]}}