{"id":113,"date":"2012-12-24T15:43:27","date_gmt":"2012-12-24T14:43:27","guid":{"rendered":"http:\/\/chezdom.net\/etu\/?page_id=113"},"modified":"2016-01-12T18:52:33","modified_gmt":"2016-01-12T17:52:33","slug":"inova","status":"publish","type":"page","link":"https:\/\/chezdom.net\/etu\/doc\/inova\/","title":{"rendered":"Interfaces non visuelles et accessibilit\u00e9"},"content":{"rendered":"<h3><span style=\"font-size: 1.17em;\">Documents de cours<\/span><\/h3>\n<ul>\n<li><em>\u00ab\u00a0Websites That Work\u00a0\u00bb<\/em>, la vid\u00e9o r\u00e9alis\u00e9e par le W3C et le RNIB (2001) est disponible en ligne : <a href=\"http:\/\/www.youtube.com\/watch?v=zwOob9cK7oA\" target=\"_blank\">http:\/\/www.youtube.com\/watch?v=zwOob9cK7oA<\/a><\/li>\n<\/ul>\n<h3>TPs<\/h3>\n<ul>\n<li><a title=\"TP Accessibilit\u00e9 Web\" href=\"http:\/\/chezdom.net\/etu\/2012-2013\/inova\/tp-accessibilite-web\/\">Accessibilit\u00e9 Web<\/a>  (\u00e0 rendre le 5 janvier 2016)<\/li>\n<li><a title=\"Fiche de lecture\" href=\"http:\/\/chezdom.net\/etu\/fiche-de-lecture\/\">Fiche de lecture<\/a>\u00a0(\u00e0 rendre le 22 janvier 2016)<\/li>\n<li><a href=\"http:\/\/chezdom.net\/etu\/tp-sous-titres\/\">TP sous-titres<\/a><\/li>\n<\/ul>\n<p><a name=\"util\"><\/a><\/p>\n<h3>Liens utiles<\/h3>\n<ul>\n<li><strong>Documentation<\/strong>\n<ul>\n<li>W3C\/<em>Web Accessibility Initiative<\/em> : <a href=\"http:\/\/w3.org\/WAI\/\" target=\"_blank\">http:\/\/w3.org\/WAI\/<\/a><\/li>\n<li>En fran\u00e7ais : <a href=\"http:\/\/www.braillenet.org\/\" target=\"_blank\">http:\/\/www.braillenet.org\/<\/a> et <a href=\"http:\/\/www.accessiweb.org\/\" target=\"_blank\">http:\/\/www.accessiweb.org\/<\/a><\/li>\n<\/ul>\n<\/li>\n<li><strong>Barres d&rsquo;outil<\/strong> (pour Firefox et\/ou Chrome)\n<ul>\n<li><em>Web Developper<\/em> : <a href=\"http:\/\/chrispederick.com\/work\/web-developer\/\" target=\"_blank\">http:\/\/chrispederick.com\/work\/web-developer\/<\/a><\/li>\n<li><em>Wave<\/em> : <a href=\"http:\/\/wave.webaim.org\/toolbar\" target=\"_blank\">http:\/\/wave.webaim.org\/toolbar<\/a><\/li>\n<\/ul>\n<\/li>\n<li><strong>Outils de diagnostic en ligne<\/strong>\n<ul>\n<li>Validateur W3C : <a href=\"http:\/\/validator.w3.org\/\" target=\"_blank\">http:\/\/validator.w3.org\/<\/a><\/li>\n<li><em>Wave<\/em> : <a href=\"http:\/\/wave.webaim.org\/\" target=\"_blank\">http:\/\/wave.webaim.org\/<\/a><\/li>\n<li><em>Cynthia says<\/em> : <a href=\"http:\/\/www.cynthiasays.com\/\" target=\"_blank\">http:\/\/www.cynthiasays.com\/<\/a><\/li>\n<\/ul>\n<\/li>\n<\/ul>\n","protected":false},"excerpt":{"rendered":"<p>Documents de cours \u00ab\u00a0Websites That Work\u00a0\u00bb, la vid\u00e9o r\u00e9alis\u00e9e par le W3C et le RNIB (2001) est disponible en ligne : http:\/\/www.youtube.com\/watch?v=zwOob9cK7oA TPs Accessibilit\u00e9 Web (\u00e0 rendre le 5 janvier 2016) Fiche de lecture\u00a0(\u00e0 rendre le 22 janvier 2016) TP<span class=\"ellipsis\">&hellip;<\/span> <span class=\"read-more\"><a href=\"https:\/\/chezdom.net\/etu\/doc\/inova\/\">Lire la suite &#8250;<\/a><\/span><\/p>\n","protected":false},"author":1,"featured_media":0,"parent":107,"menu_order":0,"comment_status":"closed","ping_status":"closed","template":"","meta":{"jetpack_post_was_ever_published":false,"footnotes":""},"class_list":["post-113","page","type-page","status-publish","hentry"],"jetpack_sharing_enabled":true,"jetpack_shortlink":"https:\/\/wp.me\/P9qu1A-1P","_links":{"self":[{"href":"https:\/\/chezdom.net\/etu\/wp-json\/wp\/v2\/pages\/113","targetHints":{"allow":["GET"]}}],"collection":[{"href":"https:\/\/chezdom.net\/etu\/wp-json\/wp\/v2\/pages"}],"about":[{"href":"https:\/\/chezdom.net\/etu\/wp-json\/wp\/v2\/types\/page"}],"author":[{"embeddable":true,"href":"https:\/\/chezdom.net\/etu\/wp-json\/wp\/v2\/users\/1"}],"replies":[{"embeddable":true,"href":"https:\/\/chezdom.net\/etu\/wp-json\/wp\/v2\/comments?post=113"}],"version-history":[{"count":48,"href":"https:\/\/chezdom.net\/etu\/wp-json\/wp\/v2\/pages\/113\/revisions"}],"predecessor-version":[{"id":585,"href":"https:\/\/chezdom.net\/etu\/wp-json\/wp\/v2\/pages\/113\/revisions\/585"}],"up":[{"embeddable":true,"href":"https:\/\/chezdom.net\/etu\/wp-json\/wp\/v2\/pages\/107"}],"wp:attachment":[{"href":"https:\/\/chezdom.net\/etu\/wp-json\/wp\/v2\/media?parent=113"}],"curies":[{"name":"wp","href":"https:\/\/api.w.org\/{rel}","templated":true}]}}