{"id":1055,"date":"2019-11-03T22:52:20","date_gmt":"2019-11-03T21:52:20","guid":{"rendered":"http:\/\/chezdom.net\/etu\/?page_id=1055"},"modified":"2020-01-13T23:48:43","modified_gmt":"2020-01-13T22:48:43","slug":"android-sujets-2019-2020","status":"publish","type":"page","link":"https:\/\/chezdom.net\/etu\/android-sujets-2019-2020\/","title":{"rendered":"Android : Sujets de mini-projets individuels 2019\/2020"},"content":{"rendered":"<h2>Remarques liminaires<\/h2>\n<ul>\n<li>\n<p>Il s&rsquo;agit de sujets individuels.<\/p>\n<\/li>\n<li>\n<p>La source de documentation la plus fiables est bien s\u00fbr<br \/>\n<a href=\"https:\/\/developer.android.com\">https:\/\/developer.android.com<\/a>. Vous pouvez aussi vous inspirer de<br \/>\ntutos et de forums sur le Web. (par exemple<br \/>\n<a href=\"https:\/\/stackoverflow.com\">https:\/\/stackoverflow.com<\/a>, <a href=\"http:\/\/www.vogella.com\">http:\/\/www.vogella.com<\/a> etc.) Attention<br \/>\ntoutefois \u00e0 la fra\u00eecheur des documentations que vous consultez :<br \/>\nv\u00e9rifiez la date. Si vous trouvez un tuto correspondant \u00e0 votre t\u00e2che<br \/>\nmais que sa date est 2006 ou m\u00eame 2012, les API auront probablement<br \/>\npas mal \u00e9volu\u00e9 depuis.<\/p>\n<\/li>\n<li>\n<p>Lorsque votre application demande des permissions, il faut les<br \/>\nattribuer \u00e0 la main (dans les pr\u00e9f\u00e9rences, menu Applications, selon<br \/>\nvotre version d\u2019Android).<\/p>\n<\/li>\n<\/ul>\n<h2>D\u00e9tail des sujets<\/h2>\n<ul>\n<li>\n<p><a href=\"http:\/\/chezdom.net\/etu\/android-sujets\/sujet-9-touchevent\/\">Sujet #9 &#8211; TouchEvent (Application traces)<\/a><br \/>\n(Isabelle et Ludovic)<\/p>\n<\/li>\n<li>\n<p><a href=\"http:\/\/chezdom.net\/etu\/android-sujets\/sujet-8-photo\/\">Sujet #8 &#8211; Appareil photo &#8211; API Camera<\/a><br \/>\n(Melica et Alexandre)<\/p>\n<\/li>\n<li>\n<p><a href=\"http:\/\/chezdom.net\/etu\/android-sujets\/sujet-17-notifications\/\">Sujet #17 &#8211; Notifications<\/a><br \/>\n(Lauriane et Jean-Baptiste)<\/p>\n<\/li>\n<li>\n<p><a href=\"http:\/\/chezdom.net\/etu\/android-sujets\/sujet-4-services\/\">Sujet #4 &#8211; Services<\/a><br \/>\n(Djohra et Ouarda)<\/p>\n<\/li>\n<li>\n<p><a href=\"http:\/\/chezdom.net\/etu\/android-sujets\/sujet-18-localisation\/\">Sujet #18 &#8211; Localisation (GPS et autres), cartes<\/a><br \/>\n(Farida et Houssein)<\/p>\n<\/li>\n<li>\n<p><a href=\"https:\/\/chezdom.net\/etu\/android-sujets\/sujet-5-capteurs\/\">Sujet #5 \u2013 Capteurs<\/a><br \/>\n(Iman et Wassila)<\/p>\n<\/li>\n<li>\n<p><a href=\"https:\/\/chezdom.net\/etu\/android-sujets\/sujet-15-accelerometre\/\">Sujet #15 \u2013 Acc\u00e9l\u00e9rom\u00e8tre<\/a><br \/>\n(Mohammed et L\u00e9na)<\/p>\n<\/li>\n<li>\n<p><a href=\"https:\/\/chezdom.net\/etu\/android-sujets\/sujet-13-enregistrer-un-son\/\">Sujet #13 \u2013 Enregistrer un son<\/a><\/p>\n<\/li>\n<\/ul>\n","protected":false},"excerpt":{"rendered":"<p>Remarques liminaires Il s&rsquo;agit de sujets individuels. La source de documentation la plus fiables est bien s\u00fbr https:\/\/developer.android.com. Vous pouvez aussi vous inspirer de tutos et de forums sur le Web. (par exemple https:\/\/stackoverflow.com, http:\/\/www.vogella.com etc.) Attention toutefois \u00e0 la<span class=\"ellipsis\">&hellip;<\/span> <span class=\"read-more\"><a href=\"https:\/\/chezdom.net\/etu\/android-sujets-2019-2020\/\">Lire la suite &#8250;<\/a><\/span><\/p>\n","protected":false},"author":1,"featured_media":0,"parent":0,"menu_order":0,"comment_status":"closed","ping_status":"closed","template":"","meta":{"jetpack_post_was_ever_published":false,"footnotes":""},"class_list":["post-1055","page","type-page","status-publish","hentry"],"jetpack_sharing_enabled":true,"jetpack_shortlink":"https:\/\/wp.me\/P9qu1A-h1","_links":{"self":[{"href":"https:\/\/chezdom.net\/etu\/wp-json\/wp\/v2\/pages\/1055","targetHints":{"allow":["GET"]}}],"collection":[{"href":"https:\/\/chezdom.net\/etu\/wp-json\/wp\/v2\/pages"}],"about":[{"href":"https:\/\/chezdom.net\/etu\/wp-json\/wp\/v2\/types\/page"}],"author":[{"embeddable":true,"href":"https:\/\/chezdom.net\/etu\/wp-json\/wp\/v2\/users\/1"}],"replies":[{"embeddable":true,"href":"https:\/\/chezdom.net\/etu\/wp-json\/wp\/v2\/comments?post=1055"}],"version-history":[{"count":9,"href":"https:\/\/chezdom.net\/etu\/wp-json\/wp\/v2\/pages\/1055\/revisions"}],"predecessor-version":[{"id":1139,"href":"https:\/\/chezdom.net\/etu\/wp-json\/wp\/v2\/pages\/1055\/revisions\/1139"}],"wp:attachment":[{"href":"https:\/\/chezdom.net\/etu\/wp-json\/wp\/v2\/media?parent=1055"}],"curies":[{"name":"wp","href":"https:\/\/api.w.org\/{rel}","templated":true}]}}